{"id":50,"date":"2023-01-19T10:47:41","date_gmt":"2023-01-19T15:47:41","guid":{"rendered":"https:\/\/ramtraderbook.com\/?page_id=50"},"modified":"2024-04-14T08:11:51","modified_gmt":"2024-04-14T13:11:51","slug":"links-de-interes","status":"publish","type":"page","link":"https:\/\/ramtraderbook.com\/index.php\/links-de-interes\/","title":{"rendered":"Links de Inter\u00e9s"},"content":{"rendered":"\n<p>Queremos compartir algunos links de inter\u00e9s para los traders que buscan herramientas avanzadas y seguras para operar en mercados financieros y adem\u00e1s, para comprar, vender criptomonedas.<\/p>\n\n\n\n<p class=\"has-medium-font-size\"><strong>Binance (Exchange Criptomonedas)<\/strong><\/p>\n\n\n\n<p>Entre nuestras recomendaciones se encuentran plataformas de trading l\u00edderes como Binance, que ofrece una amplia variedad de opciones para operar con criptomonedas, incluyendo compra y venta, exchange, staking, pr\u00e9stamos en cripto, swaps y herramientas pasivas earn. Adem\u00e1s, tambi\u00e9n recomendamos el uso de Binance Pool para obtener recompensas por miner\u00eda, y futuros para aquellos que buscan operar con apalancamiento.<\/p>\n\n\n\n<p>Estas plataformas de trading son de las m\u00e1s completas y seguras en el mercado de criptomonedas. Utilizan tecnolog\u00eda avanzada para garantizar la seguridad de los fondos y ofrecen una gran variedad de herramientas y recursos para los traders que buscan sacar el m\u00e1ximo provecho del trading de criptomonedas. \u00a1No dudes en explorar estas opciones y comenzar a operar con confianza en el emocionante mundo del trading de criptomonedas!<\/p>\n\n\n\n<p class=\"has-medium-font-size\"><a href=\"https:\/\/bit.ly\/4ayuUYg\" target=\"_blank\" rel=\"noreferrer noopener\">LINK BINANCE<\/a><\/p>\n\n\n<div class=\"wp-block-image\">\n<figure class=\"aligncenter size-large is-resized\"><img loading=\"lazy\" decoding=\"async\" width=\"1024\" height=\"497\" src=\"https:\/\/ramtraderbook.com\/wp-content\/uploads\/2023\/01\/image-1024x497.png\" alt=\"\" class=\"wp-image-52\" style=\"width:711px;height:345px\" srcset=\"https:\/\/ramtraderbook.com\/wp-content\/uploads\/2023\/01\/image-1024x497.png 1024w, https:\/\/ramtraderbook.com\/wp-content\/uploads\/2023\/01\/image-300x146.png 300w, https:\/\/ramtraderbook.com\/wp-content\/uploads\/2023\/01\/image-768x373.png 768w, https:\/\/ramtraderbook.com\/wp-content\/uploads\/2023\/01\/image.png 1340w\" sizes=\"auto, (max-width: 1024px) 100vw, 1024px\" \/><\/figure>\n<\/div>\n\n\n<p class=\"has-medium-font-size\"><strong>Trading View (Gr\u00e1ficas, datos del mercado)<\/strong><\/p>\n\n\n\n<p>TradingView es una plataforma de gr\u00e1ficos y an\u00e1lisis financiero que permite a los usuarios ver y analizar datos de los mercados financieros en tiempo real. Ofrece una amplia variedad de herramientas de an\u00e1lisis t\u00e9cnico y gr\u00e1ficos personalizados, as\u00ed como una amplia selecci\u00f3n de indicadores y herramientas de dibujo. Adem\u00e1s, TradingView tambi\u00e9n cuenta con una comunidad de traders y analistas financieros que comparten ideas y an\u00e1lisis, lo que lo convierte en una plataforma popular para aquellos interesados en el trading y la inversi\u00f3n en los mercados financieros. TradingView es una plataforma en l\u00ednea que se puede utilizar en cualquier dispositivo que tenga acceso a Internet, incluyendo computadoras de escritorio, tabletas y tel\u00e9fonos inteligentes<\/p>\n\n\n\n<p class=\"has-medium-font-size\"><a href=\"https:\/\/bit.ly\/49y9t8v\" target=\"_blank\" rel=\"noreferrer noopener\">LINK TRADINGVIEW<\/a><\/p>\n\n\n<div class=\"wp-block-image\">\n<figure class=\"aligncenter size-large is-resized\"><img loading=\"lazy\" decoding=\"async\" width=\"1024\" height=\"725\" src=\"https:\/\/ramtraderbook.com\/wp-content\/uploads\/2023\/03\/image-5-1024x725.png\" alt=\"\" class=\"wp-image-138\" style=\"width:621px;height:440px\" srcset=\"https:\/\/ramtraderbook.com\/wp-content\/uploads\/2023\/03\/image-5-1024x725.png 1024w, https:\/\/ramtraderbook.com\/wp-content\/uploads\/2023\/03\/image-5-300x212.png 300w, https:\/\/ramtraderbook.com\/wp-content\/uploads\/2023\/03\/image-5-768x543.png 768w, https:\/\/ramtraderbook.com\/wp-content\/uploads\/2023\/03\/image-5.png 1098w\" sizes=\"auto, (max-width: 1024px) 100vw, 1024px\" \/><\/figure>\n<\/div>\n\n\n<p class=\"has-medium-font-size\"><\/p>\n<div class=\"pld-like-dislike-wrap pld-template-1\">\r\n    <div class=\"pld-like-wrap  pld-common-wrap\">\r\n    <a href=\"javascript:void(0)\" class=\"pld-like-trigger pld-like-dislike-trigger  \" title=\"\" data-post-id=\"50\" data-trigger-type=\"like\" data-restriction=\"cookie\" data-already-liked=\"0\">\r\n                        <i class=\"fas fa-thumbs-up\"><\/i>\r\n                <\/a>\r\n    <span class=\"pld-like-count-wrap pld-count-wrap\">2    <\/span>\r\n<\/div><div class=\"pld-dislike-wrap  pld-common-wrap\">\r\n    <a href=\"javascript:void(0)\" class=\"pld-dislike-trigger pld-like-dislike-trigger  \" title=\"\" data-post-id=\"50\" data-trigger-type=\"dislike\" data-restriction=\"cookie\" data-already-liked=\"0\">\r\n                        <i class=\"fas fa-thumbs-down\"><\/i>\r\n                <\/a>\r\n    <span class=\"pld-dislike-count-wrap pld-count-wrap\"><\/span>\r\n<\/div><\/div>","protected":false},"excerpt":{"rendered":"<p>Queremos compartir algunos links de inter\u00e9s para los traders que buscan herramientas avanzadas y seguras para operar en mercados financieros y adem\u00e1s, para comprar, vender criptomonedas. Binance (Exchange Criptomonedas) Entre nuestras recomendaciones se encuentran plataformas &hellip;<\/p>\n","protected":false},"author":1,"featured_media":0,"parent":0,"menu_order":0,"comment_status":"closed","ping_status":"closed","template":"","meta":{"footnotes":""},"class_list":["post-50","page","type-page","status-publish","hentry"],"yoast_head":"<!-- This site is optimized with the Yoast SEO plugin v27.5 - https:\/\/yoast.com\/product\/yoast-seo-wordpress\/ -->\n<title>Links de Inter\u00e9s - Mundo Trading&amp;Book<\/title>\n<meta name=\"robots\" content=\"index, follow, max-snippet:-1, max-image-preview:large, max-video-preview:-1\" \/>\n<link rel=\"canonical\" href=\"https:\/\/ramtraderbook.com\/index.php\/links-de-interes\/\" \/>\n<meta property=\"og:locale\" content=\"es_ES\" \/>\n<meta property=\"og:type\" content=\"article\" \/>\n<meta property=\"og:title\" content=\"Links de Inter\u00e9s - Mundo Trading&amp;Book\" \/>\n<meta property=\"og:description\" content=\"Queremos compartir algunos links de inter\u00e9s para los traders que buscan herramientas avanzadas y seguras para operar en mercados financieros y adem\u00e1s, para comprar, vender criptomonedas. Binance (Exchange Criptomonedas) Entre nuestras recomendaciones se encuentran plataformas &hellip;\" \/>\n<meta property=\"og:url\" content=\"https:\/\/ramtraderbook.com\/index.php\/links-de-interes\/\" \/>\n<meta property=\"og:site_name\" content=\"Mundo Trading&amp;Book\" \/>\n<meta property=\"article:modified_time\" content=\"2024-04-14T13:11:51+00:00\" \/>\n<meta property=\"og:image\" content=\"https:\/\/ramtraderbook.com\/wp-content\/uploads\/2023\/01\/image.png\" \/>\n\t<meta property=\"og:image:width\" content=\"1340\" \/>\n\t<meta property=\"og:image:height\" content=\"650\" \/>\n\t<meta property=\"og:image:type\" content=\"image\/png\" \/>\n<meta name=\"twitter:card\" content=\"summary_large_image\" \/>\n<meta name=\"twitter:label1\" content=\"Tiempo de lectura\" \/>\n\t<meta name=\"twitter:data1\" content=\"2 minutos\" \/>\n<script type=\"application\/ld+json\" class=\"yoast-schema-graph\">{\"@context\":\"https:\\\/\\\/schema.org\",\"@graph\":[{\"@type\":\"WebPage\",\"@id\":\"https:\\\/\\\/ramtraderbook.com\\\/index.php\\\/links-de-interes\\\/\",\"url\":\"https:\\\/\\\/ramtraderbook.com\\\/index.php\\\/links-de-interes\\\/\",\"name\":\"Links de Inter\u00e9s - Mundo Trading&amp;Book\",\"isPartOf\":{\"@id\":\"https:\\\/\\\/ramtraderbook.com\\\/#website\"},\"primaryImageOfPage\":{\"@id\":\"https:\\\/\\\/ramtraderbook.com\\\/index.php\\\/links-de-interes\\\/#primaryimage\"},\"image\":{\"@id\":\"https:\\\/\\\/ramtraderbook.com\\\/index.php\\\/links-de-interes\\\/#primaryimage\"},\"thumbnailUrl\":\"https:\\\/\\\/ramtraderbook.com\\\/wp-content\\\/uploads\\\/2023\\\/01\\\/image-1024x497.png\",\"datePublished\":\"2023-01-19T15:47:41+00:00\",\"dateModified\":\"2024-04-14T13:11:51+00:00\",\"breadcrumb\":{\"@id\":\"https:\\\/\\\/ramtraderbook.com\\\/index.php\\\/links-de-interes\\\/#breadcrumb\"},\"inLanguage\":\"es\",\"potentialAction\":[{\"@type\":\"ReadAction\",\"target\":[\"https:\\\/\\\/ramtraderbook.com\\\/index.php\\\/links-de-interes\\\/\"]}]},{\"@type\":\"ImageObject\",\"inLanguage\":\"es\",\"@id\":\"https:\\\/\\\/ramtraderbook.com\\\/index.php\\\/links-de-interes\\\/#primaryimage\",\"url\":\"https:\\\/\\\/ramtraderbook.com\\\/wp-content\\\/uploads\\\/2023\\\/01\\\/image.png\",\"contentUrl\":\"https:\\\/\\\/ramtraderbook.com\\\/wp-content\\\/uploads\\\/2023\\\/01\\\/image.png\",\"width\":1340,\"height\":650},{\"@type\":\"BreadcrumbList\",\"@id\":\"https:\\\/\\\/ramtraderbook.com\\\/index.php\\\/links-de-interes\\\/#breadcrumb\",\"itemListElement\":[{\"@type\":\"ListItem\",\"position\":1,\"name\":\"Portada\",\"item\":\"https:\\\/\\\/ramtraderbook.com\\\/\"},{\"@type\":\"ListItem\",\"position\":2,\"name\":\"Links de Inter\u00e9s\"}]},{\"@type\":\"WebSite\",\"@id\":\"https:\\\/\\\/ramtraderbook.com\\\/#website\",\"url\":\"https:\\\/\\\/ramtraderbook.com\\\/\",\"name\":\"Mundo Trading&Book\",\"description\":\"Trading y Libros\",\"publisher\":{\"@id\":\"https:\\\/\\\/ramtraderbook.com\\\/#\\\/schema\\\/person\\\/384f544090c9e6b369ee740ed5bc3700\"},\"potentialAction\":[{\"@type\":\"SearchAction\",\"target\":{\"@type\":\"EntryPoint\",\"urlTemplate\":\"https:\\\/\\\/ramtraderbook.com\\\/?s={search_term_string}\"},\"query-input\":{\"@type\":\"PropertyValueSpecification\",\"valueRequired\":true,\"valueName\":\"search_term_string\"}}],\"inLanguage\":\"es\"},{\"@type\":[\"Person\",\"Organization\"],\"@id\":\"https:\\\/\\\/ramtraderbook.com\\\/#\\\/schema\\\/person\\\/384f544090c9e6b369ee740ed5bc3700\",\"name\":\"ramiroldu@gmail.com\",\"image\":{\"@type\":\"ImageObject\",\"inLanguage\":\"es\",\"@id\":\"https:\\\/\\\/ramtraderbook.com\\\/wp-content\\\/uploads\\\/2025\\\/05\\\/ChatGPT-Image-16-may-2025-20_14_21.png\",\"url\":\"https:\\\/\\\/ramtraderbook.com\\\/wp-content\\\/uploads\\\/2025\\\/05\\\/ChatGPT-Image-16-may-2025-20_14_21.png\",\"contentUrl\":\"https:\\\/\\\/ramtraderbook.com\\\/wp-content\\\/uploads\\\/2025\\\/05\\\/ChatGPT-Image-16-may-2025-20_14_21.png\",\"width\":1024,\"height\":1024,\"caption\":\"ramiroldu@gmail.com\"},\"logo\":{\"@id\":\"https:\\\/\\\/ramtraderbook.com\\\/wp-content\\\/uploads\\\/2025\\\/05\\\/ChatGPT-Image-16-may-2025-20_14_21.png\"},\"sameAs\":[\"http:\\\/\\\/ramtraderbook.com\"]}]}<\/script>\n<!-- \/ Yoast SEO plugin. -->","yoast_head_json":{"title":"Links de Inter\u00e9s - Mundo Trading&amp;Book","robots":{"index":"index","follow":"follow","max-snippet":"max-snippet:-1","max-image-preview":"max-image-preview:large","max-video-preview":"max-video-preview:-1"},"canonical":"https:\/\/ramtraderbook.com\/index.php\/links-de-interes\/","og_locale":"es_ES","og_type":"article","og_title":"Links de Inter\u00e9s - Mundo Trading&amp;Book","og_description":"Queremos compartir algunos links de inter\u00e9s para los traders que buscan herramientas avanzadas y seguras para operar en mercados financieros y adem\u00e1s, para comprar, vender criptomonedas. Binance (Exchange Criptomonedas) Entre nuestras recomendaciones se encuentran plataformas &hellip;","og_url":"https:\/\/ramtraderbook.com\/index.php\/links-de-interes\/","og_site_name":"Mundo Trading&amp;Book","article_modified_time":"2024-04-14T13:11:51+00:00","og_image":[{"width":1340,"height":650,"url":"https:\/\/ramtraderbook.com\/wp-content\/uploads\/2023\/01\/image.png","type":"image\/png"}],"twitter_card":"summary_large_image","twitter_misc":{"Tiempo de lectura":"2 minutos"},"schema":{"@context":"https:\/\/schema.org","@graph":[{"@type":"WebPage","@id":"https:\/\/ramtraderbook.com\/index.php\/links-de-interes\/","url":"https:\/\/ramtraderbook.com\/index.php\/links-de-interes\/","name":"Links de Inter\u00e9s - Mundo Trading&amp;Book","isPartOf":{"@id":"https:\/\/ramtraderbook.com\/#website"},"primaryImageOfPage":{"@id":"https:\/\/ramtraderbook.com\/index.php\/links-de-interes\/#primaryimage"},"image":{"@id":"https:\/\/ramtraderbook.com\/index.php\/links-de-interes\/#primaryimage"},"thumbnailUrl":"https:\/\/ramtraderbook.com\/wp-content\/uploads\/2023\/01\/image-1024x497.png","datePublished":"2023-01-19T15:47:41+00:00","dateModified":"2024-04-14T13:11:51+00:00","breadcrumb":{"@id":"https:\/\/ramtraderbook.com\/index.php\/links-de-interes\/#breadcrumb"},"inLanguage":"es","potentialAction":[{"@type":"ReadAction","target":["https:\/\/ramtraderbook.com\/index.php\/links-de-interes\/"]}]},{"@type":"ImageObject","inLanguage":"es","@id":"https:\/\/ramtraderbook.com\/index.php\/links-de-interes\/#primaryimage","url":"https:\/\/ramtraderbook.com\/wp-content\/uploads\/2023\/01\/image.png","contentUrl":"https:\/\/ramtraderbook.com\/wp-content\/uploads\/2023\/01\/image.png","width":1340,"height":650},{"@type":"BreadcrumbList","@id":"https:\/\/ramtraderbook.com\/index.php\/links-de-interes\/#breadcrumb","itemListElement":[{"@type":"ListItem","position":1,"name":"Portada","item":"https:\/\/ramtraderbook.com\/"},{"@type":"ListItem","position":2,"name":"Links de Inter\u00e9s"}]},{"@type":"WebSite","@id":"https:\/\/ramtraderbook.com\/#website","url":"https:\/\/ramtraderbook.com\/","name":"Mundo Trading&Book","description":"Trading y Libros","publisher":{"@id":"https:\/\/ramtraderbook.com\/#\/schema\/person\/384f544090c9e6b369ee740ed5bc3700"},"potentialAction":[{"@type":"SearchAction","target":{"@type":"EntryPoint","urlTemplate":"https:\/\/ramtraderbook.com\/?s={search_term_string}"},"query-input":{"@type":"PropertyValueSpecification","valueRequired":true,"valueName":"search_term_string"}}],"inLanguage":"es"},{"@type":["Person","Organization"],"@id":"https:\/\/ramtraderbook.com\/#\/schema\/person\/384f544090c9e6b369ee740ed5bc3700","name":"ramiroldu@gmail.com","image":{"@type":"ImageObject","inLanguage":"es","@id":"https:\/\/ramtraderbook.com\/wp-content\/uploads\/2025\/05\/ChatGPT-Image-16-may-2025-20_14_21.png","url":"https:\/\/ramtraderbook.com\/wp-content\/uploads\/2025\/05\/ChatGPT-Image-16-may-2025-20_14_21.png","contentUrl":"https:\/\/ramtraderbook.com\/wp-content\/uploads\/2025\/05\/ChatGPT-Image-16-may-2025-20_14_21.png","width":1024,"height":1024,"caption":"ramiroldu@gmail.com"},"logo":{"@id":"https:\/\/ramtraderbook.com\/wp-content\/uploads\/2025\/05\/ChatGPT-Image-16-may-2025-20_14_21.png"},"sameAs":["http:\/\/ramtraderbook.com"]}]}},"_links":{"self":[{"href":"https:\/\/ramtraderbook.com\/index.php\/wp-json\/wp\/v2\/pages\/50","targetHints":{"allow":["GET"]}}],"collection":[{"href":"https:\/\/ramtraderbook.com\/index.php\/wp-json\/wp\/v2\/pages"}],"about":[{"href":"https:\/\/ramtraderbook.com\/index.php\/wp-json\/wp\/v2\/types\/page"}],"author":[{"embeddable":true,"href":"https:\/\/ramtraderbook.com\/index.php\/wp-json\/wp\/v2\/users\/1"}],"replies":[{"embeddable":true,"href":"https:\/\/ramtraderbook.com\/index.php\/wp-json\/wp\/v2\/comments?post=50"}],"version-history":[{"count":7,"href":"https:\/\/ramtraderbook.com\/index.php\/wp-json\/wp\/v2\/pages\/50\/revisions"}],"predecessor-version":[{"id":224,"href":"https:\/\/ramtraderbook.com\/index.php\/wp-json\/wp\/v2\/pages\/50\/revisions\/224"}],"wp:attachment":[{"href":"https:\/\/ramtraderbook.com\/index.php\/wp-json\/wp\/v2\/media?parent=50"}],"curies":[{"name":"wp","href":"https:\/\/api.w.org\/{rel}","templated":true}]}}