{"id":10,"date":"2023-01-09T20:51:07","date_gmt":"2023-01-10T01:51:07","guid":{"rendered":"https:\/\/ramtraderbook.com\/?page_id=10"},"modified":"2024-04-12T11:32:47","modified_gmt":"2024-04-12T16:32:47","slug":"trading","status":"publish","type":"page","link":"https:\/\/ramtraderbook.com\/index.php\/trading\/","title":{"rendered":"Trading"},"content":{"rendered":"\n<p>Muchas personas tienen la idea equivocada de que el trading se trata de predecir el futuro y adivinar qu\u00e9 acciones o activos financieros tendr\u00e1n un mejor rendimiento en el futuro. Sin embargo, esto no podr\u00eda estar m\u00e1s lejos de la verdad. En realidad, el trading se trata de estad\u00edsticas, probabilidades, ventajas matem\u00e1ticas, plan de trading, control de riesgo y gesti\u00f3n de emociones.<\/p>\n\n\n\n<p>El trading es un proceso que implica la compra y venta de activos financieros con el objetivo de obtener ganancias en el corto o largo plazo. El objetivo del trading no es adivinar qu\u00e9 pasar\u00e1 en el futuro, sino tomar decisiones informadas en el presente basadas en an\u00e1lisis rigurosos y datos hist\u00f3ricos.<\/p>\n\n\n\n<p>Una de las claves del \u00e9xito en el trading es tener un plan de trading claro y bien definido. Esto implica establecer objetivos claros, elegir los activos adecuados, determinar los puntos de entrada y salida, definir las estrategias de gesti\u00f3n de riesgos y establecer l\u00edmites claros de p\u00e9rdidas y ganancias.<\/p>\n\n\n\n<p>Adem\u00e1s, el trading se basa en el uso de estad\u00edsticas y probabilidades. Los traders exitosos utilizan t\u00e9cnicas como el an\u00e1lisis t\u00e9cnico y el an\u00e1lisis fundamental para evaluar la estado financiero de las empresas y determinar las tendencias de los mercados. Esto les permite tomar decisiones informadas y reducir el riesgo de p\u00e9rdidas significativas.<\/p>\n\n\n\n<p>Otro aspecto importante del trading es la gesti\u00f3n de riesgos y la gesti\u00f3n de emociones. Los traders exitosos saben c\u00f3mo controlar sus emociones y mantener la calma durante momentos de alta presi\u00f3n. Tambi\u00e9n saben c\u00f3mo minimizar el riesgo a trav\u00e9s del uso de t\u00e9cnicas de gesti\u00f3n de riesgos y la diversificaci\u00f3n de sus carteras.<\/p>\n\n\n\n<p>En resumen, el trading no se trata de adivinar el futuro, sino de manejar el presente. Se trata de utilizar estad\u00edsticas y probabilidades, tener un plan de trading claro y bien definido, controlar el riesgo y gestionar las emociones. Con la pr\u00e1ctica y la paciencia, cualquiera puede convertirse en un trader exitoso y lograr ganancias significativas en el mundo de las finanzas.<\/p>\n\n\n<ul class=\"wp-block-categories-list wp-block-categories\">\t<li class=\"cat-item cat-item-87\"><a href=\"https:\/\/ramtraderbook.com\/index.php\/category\/trading-algoritmico\/analisis-de-estrategias-ta\/\">An\u00e1lisis de estrategias TA<\/a>\n<\/li>\n\t<li class=\"cat-item cat-item-67\"><a href=\"https:\/\/ramtraderbook.com\/index.php\/category\/bitcoin\/\">Bitcoin<\/a>\n<\/li>\n\t<li class=\"cat-item cat-item-65\"><a href=\"https:\/\/ramtraderbook.com\/index.php\/category\/trading\/exito\/\">Casos de \u00c9xito<\/a>\n<\/li>\n\t<li class=\"cat-item cat-item-28\"><a href=\"https:\/\/ramtraderbook.com\/index.php\/category\/criptomonedas\/\">Criptomonedas<\/a>\n<\/li>\n\t<li class=\"cat-item cat-item-94\"><a href=\"https:\/\/ramtraderbook.com\/index.php\/category\/entrevistas\/\">Entrevistas<\/a>\n<\/li>\n\t<li class=\"cat-item cat-item-61\"><a href=\"https:\/\/ramtraderbook.com\/index.php\/category\/trading\/fundamentos\/\">Fundamentos<\/a>\n<\/li>\n\t<li class=\"cat-item cat-item-13\"><a href=\"https:\/\/ramtraderbook.com\/index.php\/category\/libros\/\">Libros<\/a>\n<\/li>\n\t<li class=\"cat-item cat-item-77\"><a href=\"https:\/\/ramtraderbook.com\/index.php\/category\/macroanalisis\/\">Macroan\u00e1lisis<\/a>\n<\/li>\n\t<li class=\"cat-item cat-item-60\"><a href=\"https:\/\/ramtraderbook.com\/index.php\/category\/trading\/profundidad-del-mercado\/\">Profundidad del Mercado<\/a>\n<\/li>\n\t<li class=\"cat-item cat-item-62\"><a href=\"https:\/\/ramtraderbook.com\/index.php\/category\/trading\/psicologia\/\">Psicolog\u00eda<\/a>\n<\/li>\n\t<li class=\"cat-item cat-item-12\"><a href=\"https:\/\/ramtraderbook.com\/index.php\/category\/trading\/\">Trading<\/a>\n<\/li>\n\t<li class=\"cat-item cat-item-85\"><a href=\"https:\/\/ramtraderbook.com\/index.php\/category\/trading-algoritmico\/\">Trading Algor\u00edtmico<\/a>\n<\/li>\n\t<li class=\"cat-item cat-item-1\"><a href=\"https:\/\/ramtraderbook.com\/index.php\/category\/uncategorized\/\">Uncategorized<\/a>\n<\/li>\n<\/ul><div class=\"pld-like-dislike-wrap pld-template-1\">\r\n    <div class=\"pld-like-wrap  pld-common-wrap\">\r\n    <a href=\"javascript:void(0)\" class=\"pld-like-trigger pld-like-dislike-trigger  \" title=\"\" data-post-id=\"10\" data-trigger-type=\"like\" data-restriction=\"cookie\" data-already-liked=\"0\">\r\n                        <i class=\"fas fa-thumbs-up\"><\/i>\r\n                <\/a>\r\n    <span class=\"pld-like-count-wrap pld-count-wrap\">    <\/span>\r\n<\/div><div class=\"pld-dislike-wrap  pld-common-wrap\">\r\n    <a href=\"javascript:void(0)\" class=\"pld-dislike-trigger pld-like-dislike-trigger  \" title=\"\" data-post-id=\"10\" data-trigger-type=\"dislike\" data-restriction=\"cookie\" data-already-liked=\"0\">\r\n                        <i class=\"fas fa-thumbs-down\"><\/i>\r\n                <\/a>\r\n    <span class=\"pld-dislike-count-wrap pld-count-wrap\"><\/span>\r\n<\/div><\/div>","protected":false},"excerpt":{"rendered":"<p>Muchas personas tienen la idea equivocada de que el trading se trata de predecir el futuro y adivinar qu\u00e9 acciones o activos financieros tendr\u00e1n un mejor rendimiento en el futuro. Sin embargo, esto no podr\u00eda &hellip;<\/p>\n","protected":false},"author":1,"featured_media":0,"parent":0,"menu_order":0,"comment_status":"closed","ping_status":"closed","template":"","meta":{"footnotes":""},"class_list":["post-10","page","type-page","status-publish","hentry"],"yoast_head":"<!-- This site is optimized with the Yoast SEO plugin v27.5 - https:\/\/yoast.com\/product\/yoast-seo-wordpress\/ -->\n<title>Trading - Mundo Trading&amp;Book<\/title>\n<meta name=\"robots\" content=\"index, follow, max-snippet:-1, max-image-preview:large, max-video-preview:-1\" \/>\n<link rel=\"canonical\" href=\"https:\/\/ramtraderbook.com\/index.php\/trading\/\" \/>\n<meta property=\"og:locale\" content=\"es_ES\" \/>\n<meta property=\"og:type\" content=\"article\" \/>\n<meta property=\"og:title\" content=\"Trading - Mundo Trading&amp;Book\" \/>\n<meta property=\"og:description\" content=\"Muchas personas tienen la idea equivocada de que el trading se trata de predecir el futuro y adivinar qu\u00e9 acciones o activos financieros tendr\u00e1n un mejor rendimiento en el futuro. Sin embargo, esto no podr\u00eda &hellip;\" \/>\n<meta property=\"og:url\" content=\"https:\/\/ramtraderbook.com\/index.php\/trading\/\" \/>\n<meta property=\"og:site_name\" content=\"Mundo Trading&amp;Book\" \/>\n<meta property=\"article:modified_time\" content=\"2024-04-12T16:32:47+00:00\" \/>\n<meta name=\"twitter:card\" content=\"summary_large_image\" \/>\n<meta name=\"twitter:label1\" content=\"Tiempo de lectura\" \/>\n\t<meta name=\"twitter:data1\" content=\"2 minutos\" \/>\n<script type=\"application\/ld+json\" class=\"yoast-schema-graph\">{\"@context\":\"https:\\\/\\\/schema.org\",\"@graph\":[{\"@type\":\"WebPage\",\"@id\":\"https:\\\/\\\/ramtraderbook.com\\\/index.php\\\/trading\\\/\",\"url\":\"https:\\\/\\\/ramtraderbook.com\\\/index.php\\\/trading\\\/\",\"name\":\"Trading - Mundo Trading&amp;Book\",\"isPartOf\":{\"@id\":\"https:\\\/\\\/ramtraderbook.com\\\/#website\"},\"datePublished\":\"2023-01-10T01:51:07+00:00\",\"dateModified\":\"2024-04-12T16:32:47+00:00\",\"breadcrumb\":{\"@id\":\"https:\\\/\\\/ramtraderbook.com\\\/index.php\\\/trading\\\/#breadcrumb\"},\"inLanguage\":\"es\",\"potentialAction\":[{\"@type\":\"ReadAction\",\"target\":[\"https:\\\/\\\/ramtraderbook.com\\\/index.php\\\/trading\\\/\"]}]},{\"@type\":\"BreadcrumbList\",\"@id\":\"https:\\\/\\\/ramtraderbook.com\\\/index.php\\\/trading\\\/#breadcrumb\",\"itemListElement\":[{\"@type\":\"ListItem\",\"position\":1,\"name\":\"Portada\",\"item\":\"https:\\\/\\\/ramtraderbook.com\\\/\"},{\"@type\":\"ListItem\",\"position\":2,\"name\":\"Trading\"}]},{\"@type\":\"WebSite\",\"@id\":\"https:\\\/\\\/ramtraderbook.com\\\/#website\",\"url\":\"https:\\\/\\\/ramtraderbook.com\\\/\",\"name\":\"Mundo Trading&Book\",\"description\":\"Trading y Libros\",\"publisher\":{\"@id\":\"https:\\\/\\\/ramtraderbook.com\\\/#\\\/schema\\\/person\\\/384f544090c9e6b369ee740ed5bc3700\"},\"potentialAction\":[{\"@type\":\"SearchAction\",\"target\":{\"@type\":\"EntryPoint\",\"urlTemplate\":\"https:\\\/\\\/ramtraderbook.com\\\/?s={search_term_string}\"},\"query-input\":{\"@type\":\"PropertyValueSpecification\",\"valueRequired\":true,\"valueName\":\"search_term_string\"}}],\"inLanguage\":\"es\"},{\"@type\":[\"Person\",\"Organization\"],\"@id\":\"https:\\\/\\\/ramtraderbook.com\\\/#\\\/schema\\\/person\\\/384f544090c9e6b369ee740ed5bc3700\",\"name\":\"ramiroldu@gmail.com\",\"image\":{\"@type\":\"ImageObject\",\"inLanguage\":\"es\",\"@id\":\"https:\\\/\\\/ramtraderbook.com\\\/wp-content\\\/uploads\\\/2025\\\/05\\\/ChatGPT-Image-16-may-2025-20_14_21.png\",\"url\":\"https:\\\/\\\/ramtraderbook.com\\\/wp-content\\\/uploads\\\/2025\\\/05\\\/ChatGPT-Image-16-may-2025-20_14_21.png\",\"contentUrl\":\"https:\\\/\\\/ramtraderbook.com\\\/wp-content\\\/uploads\\\/2025\\\/05\\\/ChatGPT-Image-16-may-2025-20_14_21.png\",\"width\":1024,\"height\":1024,\"caption\":\"ramiroldu@gmail.com\"},\"logo\":{\"@id\":\"https:\\\/\\\/ramtraderbook.com\\\/wp-content\\\/uploads\\\/2025\\\/05\\\/ChatGPT-Image-16-may-2025-20_14_21.png\"},\"sameAs\":[\"http:\\\/\\\/ramtraderbook.com\"]}]}<\/script>\n<!-- \/ Yoast SEO plugin. -->","yoast_head_json":{"title":"Trading - Mundo Trading&amp;Book","robots":{"index":"index","follow":"follow","max-snippet":"max-snippet:-1","max-image-preview":"max-image-preview:large","max-video-preview":"max-video-preview:-1"},"canonical":"https:\/\/ramtraderbook.com\/index.php\/trading\/","og_locale":"es_ES","og_type":"article","og_title":"Trading - Mundo Trading&amp;Book","og_description":"Muchas personas tienen la idea equivocada de que el trading se trata de predecir el futuro y adivinar qu\u00e9 acciones o activos financieros tendr\u00e1n un mejor rendimiento en el futuro. Sin embargo, esto no podr\u00eda &hellip;","og_url":"https:\/\/ramtraderbook.com\/index.php\/trading\/","og_site_name":"Mundo Trading&amp;Book","article_modified_time":"2024-04-12T16:32:47+00:00","twitter_card":"summary_large_image","twitter_misc":{"Tiempo de lectura":"2 minutos"},"schema":{"@context":"https:\/\/schema.org","@graph":[{"@type":"WebPage","@id":"https:\/\/ramtraderbook.com\/index.php\/trading\/","url":"https:\/\/ramtraderbook.com\/index.php\/trading\/","name":"Trading - Mundo Trading&amp;Book","isPartOf":{"@id":"https:\/\/ramtraderbook.com\/#website"},"datePublished":"2023-01-10T01:51:07+00:00","dateModified":"2024-04-12T16:32:47+00:00","breadcrumb":{"@id":"https:\/\/ramtraderbook.com\/index.php\/trading\/#breadcrumb"},"inLanguage":"es","potentialAction":[{"@type":"ReadAction","target":["https:\/\/ramtraderbook.com\/index.php\/trading\/"]}]},{"@type":"BreadcrumbList","@id":"https:\/\/ramtraderbook.com\/index.php\/trading\/#breadcrumb","itemListElement":[{"@type":"ListItem","position":1,"name":"Portada","item":"https:\/\/ramtraderbook.com\/"},{"@type":"ListItem","position":2,"name":"Trading"}]},{"@type":"WebSite","@id":"https:\/\/ramtraderbook.com\/#website","url":"https:\/\/ramtraderbook.com\/","name":"Mundo Trading&Book","description":"Trading y Libros","publisher":{"@id":"https:\/\/ramtraderbook.com\/#\/schema\/person\/384f544090c9e6b369ee740ed5bc3700"},"potentialAction":[{"@type":"SearchAction","target":{"@type":"EntryPoint","urlTemplate":"https:\/\/ramtraderbook.com\/?s={search_term_string}"},"query-input":{"@type":"PropertyValueSpecification","valueRequired":true,"valueName":"search_term_string"}}],"inLanguage":"es"},{"@type":["Person","Organization"],"@id":"https:\/\/ramtraderbook.com\/#\/schema\/person\/384f544090c9e6b369ee740ed5bc3700","name":"ramiroldu@gmail.com","image":{"@type":"ImageObject","inLanguage":"es","@id":"https:\/\/ramtraderbook.com\/wp-content\/uploads\/2025\/05\/ChatGPT-Image-16-may-2025-20_14_21.png","url":"https:\/\/ramtraderbook.com\/wp-content\/uploads\/2025\/05\/ChatGPT-Image-16-may-2025-20_14_21.png","contentUrl":"https:\/\/ramtraderbook.com\/wp-content\/uploads\/2025\/05\/ChatGPT-Image-16-may-2025-20_14_21.png","width":1024,"height":1024,"caption":"ramiroldu@gmail.com"},"logo":{"@id":"https:\/\/ramtraderbook.com\/wp-content\/uploads\/2025\/05\/ChatGPT-Image-16-may-2025-20_14_21.png"},"sameAs":["http:\/\/ramtraderbook.com"]}]}},"_links":{"self":[{"href":"https:\/\/ramtraderbook.com\/index.php\/wp-json\/wp\/v2\/pages\/10","targetHints":{"allow":["GET"]}}],"collection":[{"href":"https:\/\/ramtraderbook.com\/index.php\/wp-json\/wp\/v2\/pages"}],"about":[{"href":"https:\/\/ramtraderbook.com\/index.php\/wp-json\/wp\/v2\/types\/page"}],"author":[{"embeddable":true,"href":"https:\/\/ramtraderbook.com\/index.php\/wp-json\/wp\/v2\/users\/1"}],"replies":[{"embeddable":true,"href":"https:\/\/ramtraderbook.com\/index.php\/wp-json\/wp\/v2\/comments?post=10"}],"version-history":[{"count":3,"href":"https:\/\/ramtraderbook.com\/index.php\/wp-json\/wp\/v2\/pages\/10\/revisions"}],"predecessor-version":[{"id":206,"href":"https:\/\/ramtraderbook.com\/index.php\/wp-json\/wp\/v2\/pages\/10\/revisions\/206"}],"wp:attachment":[{"href":"https:\/\/ramtraderbook.com\/index.php\/wp-json\/wp\/v2\/media?parent=10"}],"curies":[{"name":"wp","href":"https:\/\/api.w.org\/{rel}","templated":true}]}}